{"id":40,"date":"2025-05-16T21:55:57","date_gmt":"2025-05-16T19:55:57","guid":{"rendered":"http:\/\/www.passionexo.fr\/?page_id=40"},"modified":"2025-05-16T22:43:15","modified_gmt":"2025-05-16T20:43:15","slug":"bienvenue-sur-passionexo-le-monde-fascinant-des-animaux-exotiques","status":"publish","type":"page","link":"https:\/\/www.passionexo.fr\/","title":{"rendered":"Bienvenue sur PassionExo \u2013 Le monde fascinant des animaux exotiques"},"content":{"rendered":"\n<p class=\"has-text-align-center has-theme-palette-1-color has-text-color has-link-color has-larger-font-size wp-elements-1f898a8566194c0b92f527f6c021773d\">\ud83c\udf0d <em>Explorez, apprenez et prot\u00e9gez les merveilles sauvages du monde animal exotique.<\/em><\/p>\n\n\n\n<p>Sur PassionExo, explorez l&rsquo;univers myst\u00e9rieux et incroyable des animaux exotiques : serpents color\u00e9s, amphibiens rares, oiseaux tropicaux, et plus encore ! Notre mission : vous informer, \u00e9merveiller et sensibiliser \u00e0 la pr\u00e9servation de ces esp\u00e8ces extraordinaires.<\/p>\n\n\n\n<div class=\"wp-block-columns is-layout-flex wp-container-core-columns-is-layout-9d6595d7 wp-block-columns-is-layout-flex\">\n<div class=\"wp-block-column is-layout-flow wp-block-column-is-layout-flow\">\n<div class=\"wp-block-columns is-layout-flex wp-container-core-columns-is-layout-9d6595d7 wp-block-columns-is-layout-flex\">\n<div class=\"wp-block-column is-layout-flow wp-block-column-is-layout-flow\">\n<p class=\"has-text-color has-link-color has-medium-font-size wp-elements-af795fb921439732609b8e30bedf0eea\" style=\"color:#205924\"><strong>Fiches Esp\u00e8ces<\/strong> :              <\/p>\n\n\n\n<p class=\"has-text-color has-link-color has-medium-font-size wp-elements-324d849c05ba938a9fb38639dfa11013\" style=\"color:#205924\">                                                                                                           <\/p>\n<\/div>\n\n\n\n<div class=\"wp-block-column is-layout-flow wp-block-column-is-layout-flow\"><\/div>\n\n\n\n<div class=\"wp-block-column is-layout-flow wp-block-column-is-layout-flow\"><\/div>\n<\/div>\n\n\n\n<p><\/p>\n<\/div>\n<\/div>\n\n\n\n<figure class=\"wp-block-image size-large\"><img loading=\"lazy\" decoding=\"async\" width=\"1024\" height=\"683\" src=\"http:\/\/www.passionexo.fr\/wp-content\/uploads\/2025\/05\/ChatGPT-Image-16-mai-2025-21_58_17-1024x683.png\" alt=\"\" class=\"wp-image-42\" srcset=\"https:\/\/www.passionexo.fr\/wp-content\/uploads\/2025\/05\/ChatGPT-Image-16-mai-2025-21_58_17-1024x683.png 1024w, https:\/\/www.passionexo.fr\/wp-content\/uploads\/2025\/05\/ChatGPT-Image-16-mai-2025-21_58_17-300x200.png 300w, https:\/\/www.passionexo.fr\/wp-content\/uploads\/2025\/05\/ChatGPT-Image-16-mai-2025-21_58_17-768x512.png 768w, https:\/\/www.passionexo.fr\/wp-content\/uploads\/2025\/05\/ChatGPT-Image-16-mai-2025-21_58_17.png 1536w\" sizes=\"auto, (max-width: 1024px) 100vw, 1024px\" \/><\/figure>\n\n\n\n<p><\/p>\n\n\n\n<div class=\"wp-block-buttons is-layout-flex wp-block-buttons-is-layout-flex\">\n<div class=\"wp-block-button\"><a class=\"wp-block-button__link wp-element-button\">\ud83d\ude80 Rejoins notre communaut\u00e9 passionn\u00e9e pour ne rien manquer !<\/a><\/div>\n<\/div>\n\n\n\n<p><\/p>\n\n\n\n<p>\ud83d\udcf0 Derniers articles :<\/p>\n\n\n\n<ul class=\"wp-block-list\">\n<li><a href=\"#\">Top 5 des reptiles les plus \u00e9tonnants<\/a><\/li>\n\n\n\n<li><a href=\"#\">Pourquoi prot\u00e9ger les for\u00eats tropicales ?<\/a><\/li>\n\n\n\n<li><a href=\"#\">Les oiseaux tropicaux : beaut\u00e9 et diversit\u00e9<\/a><\/li>\n<\/ul>\n\n\n\n<p><\/p>\n","protected":false},"excerpt":{"rendered":"<p>\ud83c\udf0d Explorez, apprenez et prot\u00e9gez les merveilles sauvages du monde animal exotique. Sur PassionExo, explorez l&rsquo;univers myst\u00e9rieux et incroyable des animaux exotiques : serpents color\u00e9s, amphibiens rares, oiseaux tropicaux, et plus encore ! Notre mission : vous informer, \u00e9merveiller et sensibiliser \u00e0 la pr\u00e9servation de ces esp\u00e8ces extraordinaires. Fiches Esp\u00e8ces : \ud83d\udcf0 Derniers articles :<\/p>\n","protected":false},"author":1,"featured_media":0,"parent":0,"menu_order":0,"comment_status":"closed","ping_status":"closed","template":"","meta":{"_kadence_starter_templates_imported_post":false,"_kad_post_transparent":"","_kad_post_title":"","_kad_post_layout":"","_kad_post_sidebar_id":"","_kad_post_content_style":"","_kad_post_vertical_padding":"","_kad_post_feature":"","_kad_post_feature_position":"","_kad_post_header":false,"_kad_post_footer":false,"footnotes":""},"class_list":["post-40","page","type-page","status-publish","hentry"],"_links":{"self":[{"href":"https:\/\/www.passionexo.fr\/index.php\/wp-json\/wp\/v2\/pages\/40","targetHints":{"allow":["GET"]}}],"collection":[{"href":"https:\/\/www.passionexo.fr\/index.php\/wp-json\/wp\/v2\/pages"}],"about":[{"href":"https:\/\/www.passionexo.fr\/index.php\/wp-json\/wp\/v2\/types\/page"}],"author":[{"embeddable":true,"href":"https:\/\/www.passionexo.fr\/index.php\/wp-json\/wp\/v2\/users\/1"}],"replies":[{"embeddable":true,"href":"https:\/\/www.passionexo.fr\/index.php\/wp-json\/wp\/v2\/comments?post=40"}],"version-history":[{"count":5,"href":"https:\/\/www.passionexo.fr\/index.php\/wp-json\/wp\/v2\/pages\/40\/revisions"}],"predecessor-version":[{"id":48,"href":"https:\/\/www.passionexo.fr\/index.php\/wp-json\/wp\/v2\/pages\/40\/revisions\/48"}],"wp:attachment":[{"href":"https:\/\/www.passionexo.fr\/index.php\/wp-json\/wp\/v2\/media?parent=40"}],"curies":[{"name":"wp","href":"https:\/\/api.w.org\/{rel}","templated":true}]}}